{"id":21624,"date":"2019-10-02T00:43:51","date_gmt":"2019-10-01T22:43:51","guid":{"rendered":"http:\/\/ciprime.com\/?page_id=21624"},"modified":"2025-10-20T17:26:24","modified_gmt":"2025-10-20T15:26:24","slug":"politica-de-privacidad","status":"publish","type":"page","link":"https:\/\/ciprime.com\/en\/politica-de-privacidad\/","title":{"rendered":"Pol\u00edtica de Privacidad"},"content":{"rendered":"<div class=\"wpb-content-wrapper\"><p>[vc_row row_type=&#8221;row&#8221; use_row_as_full_screen_section=&#8221;no&#8221; type=&#8221;full_width&#8221; text_align=&#8221;left&#8221; background_animation=&#8221;none&#8221; css_animation=&#8221;&#8221; background_color=&#8221;#ffffff&#8221;][vc_column][vc_empty_space height=&#8221;150px&#8221;][vc_row_inner row_type=&#8221;row&#8221; type=&#8221;grid&#8221; use_row_as_full_screen_section_slide=&#8221;no&#8221; text_align=&#8221;left&#8221; padding_top=&#8221;80&#8243; padding_bottom=&#8221;80&#8243; css_animation=&#8221;&#8221;][vc_column_inner][vc_column_text]<\/p>\n<h2 style=\"text-align: center;\"><span style=\"font-family: avenirregular;\">POL\u00cdTICA DE PRIVACIDAD<\/span><\/h2>\n<p>[\/vc_column_text][vc_separator type=&#8221;transparent&#8221; border_style=&#8221;&#8221; up=&#8221;40&#8243; down=&#8221;0&#8243;][vc_column_text css=&#8221;&#8221;]<span style=\"font-size: 8pt;\">TITULAR WEB<\/span><\/p>\n<p><span style=\"font-size: 8pt;\">En cumplimiento del art\u00edculo 10 de la Ley 34\/2002 de 11 de julio de Servicios de la Sociedad de la Informaci\u00f3n y de Comercio Electr\u00f3nico CARTERA DE INVERSIONES PRIME SL, en calidad de titular del website WWW.CIPRIME.COM le comunica los datos identificativos exigidos por dicha Ley.<\/span><\/p>\n<p><span style=\"font-size: 8pt;\">Denominaci\u00f3n Social: CARTERA DE INVERSIONES PRIME SL<\/span><br \/>\n<span style=\"font-size: 8pt;\">CIF\/NIF: B87752895<\/span><br \/>\n<span style=\"font-size: 8pt;\">Domicilio social: CALLE REY FRANCISCO N\u00ba7, 3\u00ba IZQ.\u00a0<\/span><br \/>\n<span style=\"font-size: 8pt;\">Localidad: MADRID<\/span><br \/>\n<span style=\"font-size: 8pt;\">C\u00f3digo Postal: 28008<\/span><br \/>\n<span style=\"font-size: 8pt;\">Provincia: MADRID<\/span><\/p>\n<p><span style=\"font-size: 8pt;\">La presente informaci\u00f3n regula las condiciones de uso, las limitaciones de responsabilidad y las obligaciones que los usuarios de la WWW.CIPRIME.COM que se publica bajo el nombre del dominio WWW.CIPRIME.COM las cuales los usuarios asumen y se comprometen a respetar.<\/span><\/p>\n<p><span style=\"font-size: 8pt;\">CONDICIONES DE USO<\/span><\/p>\n<p><span style=\"font-size: 8pt;\">La utilizaci\u00f3n de la p\u00e1gina otorga la utilizaci\u00f3n de usuario e implica la aceptaci\u00f3n de las condiciones del aviso legal, pol\u00edtica de privacidad y condiciones de uso, si el usuario no estuviera conforme, se abstendr\u00e1 de utilizar la p\u00e1gina. El Usuario est\u00e1 obligado y se compromete a utilizar la p\u00e1gina y los contenidos de conformidad con la legislaci\u00f3n vigente, el Aviso Legal, y cualquier otro aviso contenido en esta p\u00e1gina, as\u00ed como con las<\/span><br \/>\n<span style=\"font-size: 8pt;\">normas de convivencia, la moral y buenas costumbres generalmente aceptadas. El Usuario se obliga y se compromete a no transmitir, difundir o poner a disposici\u00f3n de terceros cualquier contenido de la P\u00e1gina, tales como informaciones, textos, datos, contenidos, mensajes, gr\u00e1ficos, dibujos, archivos de sonido y\/o imagen, fotograf\u00edas, grabaciones, software, logotipos, marcas, iconos, tecnolog\u00eda, fotograf\u00edas, software, enlaces, dise\u00f1o gr\u00e1fico y c\u00f3digos fuente, o cualquier otro material al que tuviera acceso en su condici\u00f3n de Usuario de la P\u00e1gina, sin que esta enumeraci\u00f3n tenga car\u00e1cter limitativo.<\/span><\/p>\n<p><span style=\"font-size: 8pt;\">PROPIEDAD INTELECTUAL<\/span><\/p>\n<p><span style=\"font-size: 8pt;\">Todas las marcas, nombres comerciales o signos distintivos de cualquier clase que aparecen en la P\u00e1gina son propiedad de Cartera de Inversiones Prime S.L. o, en su caso, de terceros que han autorizado su uso, sin que pueda entenderse que el uso o acceso al Portal y\/o a los Contenidos atribuya al Usuario derecho alguno sobre las citadas marcas, nombres comerciales y\/o signos distintivos, y sin que puedan entenderse cedidos al Usuario, ninguno de los derechos de explotaci\u00f3n que existen o puedan existir sobre dichos contenidos. Y no entiende cedidos ni se autoriza su utilizaci\u00f3n, en ning\u00fan caso, a los usuarios de la P\u00e1gina salvo que se obtengan dichos derechos por escrito del leg\u00edtimo titular de estos.<\/span>[\/vc_column_text][\/vc_column_inner][\/vc_row_inner][\/vc_column][\/vc_row]<\/p>\n<\/div>","protected":false},"excerpt":{"rendered":"<p>[vc_row row_type=&#8221;row&#8221; use_row_as_full_screen_section=&#8221;no&#8221; type=&#8221;full_width&#8221; text_align=&#8221;left&#8221; background_animation=&#8221;none&#8221; css_animation=&#8221;&#8221; background_color=&#8221;#ffffff&#8221;][vc_column][vc_empty_space height=&#8221;150px&#8221;][vc_row_inner row_type=&#8221;row&#8221; type=&#8221;grid&#8221; use_row_as_full_screen_section_slide=&#8221;no&#8221; text_align=&#8221;left&#8221; padding_top=&#8221;80&#8243; padding_bottom=&#8221;80&#8243; css_animation=&#8221;&#8221;][vc_column_inner][vc_column_text] POL\u00cdTICA DE PRIVACIDAD [\/vc_column_text][vc_separator type=&#8221;transparent&#8221; border_style=&#8221;&#8221; up=&#8221;40&#8243; down=&#8221;0&#8243;][vc_column_text css=&#8221;&#8221;]TITULAR WEB En cumplimiento del art\u00edculo 10 de la Ley 34\/2002 de 11 de julio de Servicios de la Sociedad de&#8230;<\/p>\n","protected":false},"author":1,"featured_media":0,"parent":0,"menu_order":0,"comment_status":"closed","ping_status":"closed","template":"full_width.php","meta":{"footnotes":""},"class_list":["post-21624","page","type-page","status-publish","hentry"],"_links":{"self":[{"href":"https:\/\/ciprime.com\/en\/wp-json\/wp\/v2\/pages\/21624","targetHints":{"allow":["GET"]}}],"collection":[{"href":"https:\/\/ciprime.com\/en\/wp-json\/wp\/v2\/pages"}],"about":[{"href":"https:\/\/ciprime.com\/en\/wp-json\/wp\/v2\/types\/page"}],"author":[{"embeddable":true,"href":"https:\/\/ciprime.com\/en\/wp-json\/wp\/v2\/users\/1"}],"replies":[{"embeddable":true,"href":"https:\/\/ciprime.com\/en\/wp-json\/wp\/v2\/comments?post=21624"}],"version-history":[{"count":4,"href":"https:\/\/ciprime.com\/en\/wp-json\/wp\/v2\/pages\/21624\/revisions"}],"predecessor-version":[{"id":22599,"href":"https:\/\/ciprime.com\/en\/wp-json\/wp\/v2\/pages\/21624\/revisions\/22599"}],"wp:attachment":[{"href":"https:\/\/ciprime.com\/en\/wp-json\/wp\/v2\/media?parent=21624"}],"curies":[{"name":"wp","href":"https:\/\/api.w.org\/{rel}","templated":true}]}}