{"id":21621,"date":"2019-10-02T00:41:49","date_gmt":"2019-10-01T22:41:49","guid":{"rendered":"http:\/\/ciprime.com\/?page_id=21621"},"modified":"2020-03-24T17:04:51","modified_gmt":"2020-03-24T16:04:51","slug":"politica-de-cookies","status":"publish","type":"page","link":"https:\/\/ciprime.com\/en\/politica-de-cookies\/","title":{"rendered":"Pol\u00edtica de cookies"},"content":{"rendered":"<div class=\"wpb-content-wrapper\"><p>[vc_row row_type=&#8221;row&#8221; use_row_as_full_screen_section=&#8221;no&#8221; type=&#8221;full_width&#8221; text_align=&#8221;left&#8221; background_animation=&#8221;none&#8221; css_animation=&#8221;&#8221; background_color=&#8221;#ffffff&#8221;][vc_column][vc_empty_space height=&#8221;150px&#8221;][vc_row_inner row_type=&#8221;row&#8221; type=&#8221;grid&#8221; use_row_as_full_screen_section_slide=&#8221;no&#8221; text_align=&#8221;left&#8221; padding_top=&#8221;80&#8243; padding_bottom=&#8221;80&#8243; css_animation=&#8221;&#8221;][vc_column_inner][vc_column_text]<\/p>\n<h2 style=\"text-align: center;\"><span style=\"font-family: avenirregular;\">POL\u00cdTICA DE COOKIES<\/span><\/h2>\n<p>[\/vc_column_text][vc_separator type=&#8221;transparent&#8221; border_style=&#8221;&#8221; up=&#8221;40&#8243; down=&#8221;0&#8243;][vc_column_text]<span style=\"font-size: 8pt;\">Este sitio web, al igual que la mayor\u00eda de los sitios en Internet, usa Cookies para mejorar y optimizar la experiencia del usuario. A continuaci\u00f3n, encontrar\u00e1s informaci\u00f3n detallada sobre qu\u00e9 son las &#8216;Cookies&#8217;, qu\u00e9 tipolog\u00eda utiliza este sitio web, c\u00f3mo puedes desactivarlas en tu navegador y c\u00f3mo bloquear espec\u00edficamente la instalaci\u00f3n de Cookies de terceros.<\/span><\/p>\n<p><span style=\"font-size: 8pt;\">\u00bfQu\u00e9 son las Cookies y c\u00f3mo las utilizan los sitios web de WWW.CIPRIME.COM?<\/span><\/p>\n<p><span style=\"font-size: 8pt;\">Las Cookies son archivos que el sitio web o la aplicaci\u00f3n que utilizas instala en tu navegador o en tu dispositivo (Smartphone, tableta o televisi\u00f3n conectada) durante tu recorrido por las p\u00e1ginas o por la aplicaci\u00f3n, y sirven <\/span><span style=\"font-size: 8pt;\">para almacenar informaci\u00f3n sobre tu visita. Como la mayor\u00eda de los sitios en internet, los portales web de WWW.CIPRIME.COM utilizan Cookies para:<\/span><br \/>\n<span style=\"font-size: 8pt;\">&#8211; Asegurar que las p\u00e1ginas web pueden funcionar correctamente.<\/span><br \/>\n<span style=\"font-size: 8pt;\">&#8211; Almacenar tus preferencias, como el idioma que has seleccionado o el tama\u00f1o de letra.<\/span><br \/>\n<span style=\"font-size: 8pt;\">&#8211; Conocer tu experiencia de navegaci\u00f3n.<\/span><br \/>\n<span style=\"font-size: 8pt;\">&#8211; Recopilar informaci\u00f3n estad\u00edstica an\u00f3nima, como qu\u00e9 p\u00e1ginas has visto o cu\u00e1nto tiempo has estado en nuestros medios.<\/span><\/p>\n<p><span style=\"font-size: 8pt;\">El uso de Cookies nos permite optimizar tu navegaci\u00f3n, adaptando la informaci\u00f3n y los servicios ofrecidos a tus intereses, para proporcionarte una mejor experiencia siempre que nos visites. Los sitios web de CARTERA DE INVERSIONES PRIME SL utilizan Cookies para funcionar, adaptar y facilitar al m\u00e1ximo la <\/span><span style=\"font-size: 8pt;\">navegaci\u00f3n del Usuario.<\/span><\/p>\n<p><span style=\"font-size: 8pt;\">Las Cookies se asocian \u00fanicamente a un usuario an\u00f3nimo y su ordenador\/dispositivo y no proporcionan referencias que permitan conocer datos personales. En todo momento podr\u00e1s acceder a la configuraci\u00f3n de tu navegador para modificar y\/o bloquear la instalaci\u00f3n de las Cookies enviadas por los sitios web de CARTERA DE INVERSIONES PRIME SL, sin que ello impida al acceso a los contenidos. Sin embargo, la calidad del funcionamiento de los Servicios puede verse afectada.<\/span><\/p>\n<p><span style=\"font-size: 8pt;\">Los Usuarios que completen el proceso de registro o hayan iniciado sesi\u00f3n con sus datos de acceso podr\u00e1n acceder a servicios personalizados y adaptados a sus preferencias seg\u00fan la informaci\u00f3n personal suministrada en el momento del registro y la almacenada en la Cookie de su navegador.<\/span><\/p>\n<p><span style=\"font-size: 8pt;\">Las herramientas de email-marketing de CARTERA DE INVERSIONES PRIME SL utilizan peque\u00f1as im\u00e1genes invisibles para los usuarios que son incluidas en los emails. Esta tecnolog\u00eda nos permite saber si un email se ha le\u00eddo o no, en qu\u00e9 fecha, la direcci\u00f3n IP desde la que ha sido consultado, etc. Con esta informaci\u00f3n, realizamos estudios estad\u00edsticos y anal\u00edticos sobre el env\u00edo y recepci\u00f3n de los emails para mejorar la oferta de los servicios a los que el usuario est\u00e1 suscrito y ofrecerle informaci\u00f3n que pueda ser de su inter\u00e9s.<\/span><\/p>\n<p><span style=\"font-size: 8pt;\">\u00bfPor qu\u00e9 son importantes?<\/span><\/p>\n<p><span style=\"font-size: 8pt;\">&#8211; Desde un punto de vista t\u00e9cnico, permiten que los sitios web funcionen de forma m\u00e1s \u00e1gil y adaptada a las preferencias de los usuarios, como por ejemplo almacenar el idioma, la moneda del pa\u00eds o detectar el dispositivo de acceso.<\/span><br \/>\n<span style=\"font-size: 8pt;\">&#8211; Establecen niveles de protecci\u00f3n y seguridad que Impiden o dificultan ciberataques contra el sitio web o sus usuarios.<\/span><br \/>\n<span style=\"font-size: 8pt;\">&#8211; Permiten que los gestores de los medios puedan conocer datos estad\u00edsticos recopilados en las Cookies para mejorar la calidad y experiencia de sus servicios.<\/span><br \/>\n<span style=\"font-size: 8pt;\">&#8211; Sirven para optimizar la publicidad que mostramos a los usuarios, ofreciendo la que m\u00e1s se ajusta a sus intereses.<\/span><\/p>\n<p><span style=\"font-size: 8pt;\">\u00bfCu\u00e1les son los diferentes tipos de Cookies que podemos utilizar en WWW.CIPRIME.COM?<\/span><\/p>\n<p><span style=\"font-size: 8pt;\">&#8211; Las de sesi\u00f3n expiran cuando el Usuario abandona la p\u00e1gina o cierra el navegador, es decir, est\u00e1n activas mientras dura la visita al sitio web y por tanto son borradas de nuestro ordenador al abandonarlo.<\/span><br \/>\n<span style=\"font-size: 8pt;\">&#8211; Las permanentes expiran cuando se cumple el objetivo para el que sirven o bien cuando se borran manualmente, tienen fecha de borrado y se utilizan normalmente en proceso de compra online, personalizaciones o en el registro, para no tener que introducir nuestra contrase\u00f1a constantemente.<\/span><\/p>\n<p><span style=\"font-size: 8pt;\">Por otro lado, seg\u00fan quien sea la entidad que gestione el equipo o dominio desde donde se env\u00edan las cookies y trate los datos que se obtengan, podemos distinguir entre Cookies propias y de terceros.<\/span><\/p>\n<p><span style=\"font-size: 8pt;\">&#8211; Las Cookies propias son aquellas Cookies que son enviadas a tu ordenador y gestionadas exclusivamente por nosotros para el mejor funcionamiento del Sitio Web. La informaci\u00f3n que recabamos se emplea para mejorar la calidad de nuestro servicio y tu experiencia como usuario.<\/span><br \/>\n<span style=\"font-size: 8pt;\">&#8211; Si interact\u00faas con el contenido de nuestro Sitio Web tambi\u00e9n pueden establecerse cookies de terceros (por ejemplo, al pulsar botones de redes sociales o visionar v\u00eddeos alojados en otro sitio web), que son aquellas establecidas por un dominio diferente de nuestro Sitio Web. No podemos <\/span><span style=\"font-size: 8pt;\">acceder a los datos almacenados en las cookies de otros sitios web cuando navegues en los citados sitios web.<\/span><\/p>\n<p><span style=\"font-size: 8pt;\">Navegar por este portal web supone que se puedan instalar los siguientes tipos de Cookies:<\/span><\/p>\n<p><span style=\"font-size: 8pt;\"><img loading=\"lazy\" decoding=\"async\" class=\"alignnone size-full wp-image-21622\" src=\"http:\/\/ciprime.com\/wp-content\/uploads\/2019\/10\/cip_cookies.jpg\" alt=\"\" width=\"439\" height=\"410\" srcset=\"https:\/\/ciprime.com\/wp-content\/uploads\/2019\/10\/cip_cookies.jpg 439w, https:\/\/ciprime.com\/wp-content\/uploads\/2019\/10\/cip_cookies-300x280.jpg 300w\" sizes=\"auto, (max-width: 439px) 100vw, 439px\" \/><\/span><\/p>\n<p><span style=\"font-size: 8pt;\">Algunos servicios de CARTERA DE INVERSIONES PRIME SL pueden utilizar conectores con diversas redes sociales:<\/span><\/p>\n<p><span style=\"font-size: 8pt;\">Facebook, Twitter, Google+, Linkedin, etc. Al utilizar el registro social, autorizas a la red social a almacenar una Cookie persistente. Esta Cookie recuerda tu identificaci\u00f3n en el servicio, haciendo mucho m\u00e1s r\u00e1pido el acceso en siguientes visitas. Esta Cookie puede ser eliminada, y, adem\u00e1s, puedes anular los permisos de acceso de los servicios de CARTERA DE INVERSIONES PRIME SL desde la configuraci\u00f3n de privacidad de la red social concreta.<\/span><\/p>\n<p><span style=\"font-size: 8pt;\">\u00bfC\u00f3mo puedo configurar mis Cookies?<\/span><\/p>\n<p><span style=\"font-size: 8pt;\">Al navegar y continuar en nuestro Sitio Web estar\u00e1 consintiendo el uso de las Cookies en las condiciones contenidas en la presente Pol\u00edtica de Cookies. WWW.CIPRIME.COM proporciona acceso a esta Pol\u00edtica de Cookies en el momento del registro con el objetivo de que el usuario est\u00e9 informado, y sin perjuicio de <\/span><span style=\"font-size: 8pt;\">que \u00e9ste pueda ejercer su derecho a bloquear, eliminar y rechazar el uso de Cookies en todo momento.<\/span><\/p>\n<p><span style=\"font-size: 8pt;\">En cualquier caso, le informamos de que, dado que las Cookies no son necesarias para el uso de nuestro Sitio Web, puede bloquearlas o deshabilitarlas activando la configuraci\u00f3n de su navegador, que le permite rechazar la instalaci\u00f3n de todas las cookies o de algunas de ellas. La pr\u00e1ctica mayor\u00eda de los navegadores <\/span><span style=\"font-size: 8pt;\">permiten advertir de la presencia de Cookies o rechazarlas autom\u00e1ticamente. Si las rechaza podr\u00e1 seguir usando nuestro Sitio Web, aunque el uso de algunos de sus servicios podr\u00e1 ser limitado y por tanto su experiencia en nuestro Sitio Web menos satisfactoria.<\/span><\/p>\n<p><span style=\"font-size: 8pt;\">A continuaci\u00f3n, te indicamos los enlaces de los principales navegadores y dispositivos para que dispongas de toda la informaci\u00f3n para consultar c\u00f3mo gestionar las cookies en tu navegador.<\/span><\/p>\n<p><span style=\"font-size: 8pt;\">Internet Explorer:<\/span><br \/>\n<span style=\"font-size: 8pt;\">Versi\u00f3n 5 http:\/\/support.microsoft.com\/kb\/196955\/es<\/span><br \/>\n<span style=\"font-size: 8pt;\">Versi\u00f3n 6 http:\/\/support.microsoft.com\/kb\/283185\/es<\/span><br \/>\n<span style=\"font-size: 8pt;\">Versi\u00f3n 9 http:\/\/windows.microsoft.com\/es-ES\/windows7\/How-to-manage-cookies-in-Internet-Explorer-9<\/span><\/p>\n<p><span style=\"font-size: 8pt;\">Safari:<\/span><br \/>\n<span style=\"font-size: 8pt;\">http:\/\/support.apple.com\/kb\/PH5042?viewlocale=es_ES<\/span><br \/>\n<span style=\"font-size: 8pt;\">http:\/\/support.apple.com\/kb\/HT1677?viewlocale=es_ES<\/span><\/p>\n<p><span style=\"font-size: 8pt;\">Google:<\/span><br \/>\n<span style=\"font-size: 8pt;\">https:\/\/support.google.com\/chrome\/answer\/95647?hl=es&amp;hlrm=en<\/span><\/p>\n<p><span style=\"font-size: 8pt;\">Firefox:<\/span><br \/>\n<span style=\"font-size: 8pt;\">http:\/\/support.mozilla.org\/es\/kb\/cookies-informacion-que-los-sitios-web-guardan-en-?redirectlocale=en<\/span><br \/>\n<span style=\"font-size: 8pt;\">-US&amp;redirectslug=Cookies<\/span><\/p>\n<p><span style=\"font-size: 8pt;\">Opera:<\/span><br \/>\n<span style=\"font-size: 8pt;\">http:\/\/help.opera.com\/Windows\/11.50\/es-ES\/cookies.html<\/span><\/p>\n<p><span style=\"font-size: 8pt;\">Android:<\/span><br \/>\n<span style=\"font-size: 8pt;\">http:\/\/support.google.com\/android\/?hl=es<\/span><\/p>\n<p><span style=\"font-size: 8pt;\">Windows Phone:<\/span><br \/>\n<span style=\"font-size: 8pt;\">http:\/\/www.windowsphone.com\/es-ES\/how-to\/wp7\/web\/changing-privacy-and-other-browser-settings<\/span><\/p>\n<p><span style=\"font-size: 8pt;\">\u00bfActualizamos nuestra Pol\u00edtica de Cookies?<\/span><\/p>\n<p><span style=\"font-size: 8pt;\">Es posible que actualicemos la Pol\u00edtica de Cookies de nuestro Sitio Web, por ello le recomendamos revisar esta pol\u00edtica cada vez que acceda a nuestro Sitio Web con el objetivo de estar adecuadamente informado sobre c\u00f3mo y para qu\u00e9 usamos las cookies. La Pol\u00edtica de Cookies se actualiz\u00f3 por \u00faltima vez el 2 octubre 2019.<\/span>[\/vc_column_text][\/vc_column_inner][\/vc_row_inner][\/vc_column][\/vc_row]<\/p>\n<\/div>","protected":false},"excerpt":{"rendered":"<p>[vc_row row_type=&#8221;row&#8221; use_row_as_full_screen_section=&#8221;no&#8221; type=&#8221;full_width&#8221; text_align=&#8221;left&#8221; background_animation=&#8221;none&#8221; css_animation=&#8221;&#8221; background_color=&#8221;#ffffff&#8221;][vc_column][vc_empty_space height=&#8221;150px&#8221;][vc_row_inner row_type=&#8221;row&#8221; type=&#8221;grid&#8221; use_row_as_full_screen_section_slide=&#8221;no&#8221; text_align=&#8221;left&#8221; padding_top=&#8221;80&#8243; padding_bottom=&#8221;80&#8243; css_animation=&#8221;&#8221;][vc_column_inner][vc_column_text] POL\u00cdTICA DE COOKIES [\/vc_column_text][vc_separator type=&#8221;transparent&#8221; border_style=&#8221;&#8221; up=&#8221;40&#8243; down=&#8221;0&#8243;][vc_column_text]Este sitio web, al igual que la mayor\u00eda de los sitios en Internet, usa Cookies para mejorar y optimizar la experiencia del&#8230;<\/p>\n","protected":false},"author":1,"featured_media":0,"parent":0,"menu_order":0,"comment_status":"closed","ping_status":"closed","template":"full_width.php","meta":{"footnotes":""},"class_list":["post-21621","page","type-page","status-publish","hentry"],"_links":{"self":[{"href":"https:\/\/ciprime.com\/en\/wp-json\/wp\/v2\/pages\/21621","targetHints":{"allow":["GET"]}}],"collection":[{"href":"https:\/\/ciprime.com\/en\/wp-json\/wp\/v2\/pages"}],"about":[{"href":"https:\/\/ciprime.com\/en\/wp-json\/wp\/v2\/types\/page"}],"author":[{"embeddable":true,"href":"https:\/\/ciprime.com\/en\/wp-json\/wp\/v2\/users\/1"}],"replies":[{"embeddable":true,"href":"https:\/\/ciprime.com\/en\/wp-json\/wp\/v2\/comments?post=21621"}],"version-history":[{"count":5,"href":"https:\/\/ciprime.com\/en\/wp-json\/wp\/v2\/pages\/21621\/revisions"}],"predecessor-version":[{"id":21988,"href":"https:\/\/ciprime.com\/en\/wp-json\/wp\/v2\/pages\/21621\/revisions\/21988"}],"wp:attachment":[{"href":"https:\/\/ciprime.com\/en\/wp-json\/wp\/v2\/media?parent=21621"}],"curies":[{"name":"wp","href":"https:\/\/api.w.org\/{rel}","templated":true}]}}